{"id":10958,"date":"2025-08-12T20:36:25","date_gmt":"2025-08-12T23:36:25","guid":{"rendered":"https:\/\/isfd803-chu.infd.edu.ar\/sitio\/?page_id=10958"},"modified":"2025-09-12T08:59:09","modified_gmt":"2025-09-12T11:59:09","slug":"1o-congreso-de-recreacion-educacion-juego-arte-y-cultura","status":"publish","type":"page","link":"https:\/\/isfd803-chu.infd.edu.ar\/sitio\/1o-congreso-de-recreacion-educacion-juego-arte-y-cultura\/","title":{"rendered":"1\u00b0 CONGRESO DE RECREACI\u00d3N EDUCATIVA, JUEGO\u00a0 ARTE Y CULTURA"},"content":{"rendered":"<div class=\"wp-block-image\">\n<figure class=\"aligncenter size-large is-resized\"><img decoding=\"async\" loading=\"lazy\" src=\"https:\/\/isfd803-chu.infd.edu.ar\/sitio\/wp-content\/uploads\/2025\/08\/congreso-1352x1900.jpg\" alt=\"\" class=\"wp-image-10990\" width=\"453\" height=\"636\" srcset=\"https:\/\/isfd803-chu.infd.edu.ar\/sitio\/wp-content\/uploads\/2025\/08\/congreso-1352x1900.jpg 1352w, https:\/\/isfd803-chu.infd.edu.ar\/sitio\/wp-content\/uploads\/2025\/08\/congreso-712x1000.jpg 712w, https:\/\/isfd803-chu.infd.edu.ar\/sitio\/wp-content\/uploads\/2025\/08\/congreso-768x1079.jpg 768w, https:\/\/isfd803-chu.infd.edu.ar\/sitio\/wp-content\/uploads\/2025\/08\/congreso-1093x1536.jpg 1093w, https:\/\/isfd803-chu.infd.edu.ar\/sitio\/wp-content\/uploads\/2025\/08\/congreso-1457x2048.jpg 1457w, https:\/\/isfd803-chu.infd.edu.ar\/sitio\/wp-content\/uploads\/2025\/08\/congreso-scaled.jpg 1822w\" sizes=\"(max-width: 453px) 100vw, 453px\" \/><\/figure><\/div>\n\n\n<h2 class=\"wp-block-heading has-text-align-center has-base-background-color has-background\"><strong>1\u00ba Congreso: Encuentro de Recreaci\u00f3n, Educaci\u00f3n, Juego, Arte y Cultura \u2013 ISFD N\u00ba 803<\/strong><\/h2>\n\n\n\n<p>Del 12 al 14 de septiembre, el Instituto Superior de Formaci\u00f3n Docente N\u00ba 803 ser\u00e1 sede del 1\u00b0 Congreso: Encuentro de Recreaci\u00f3n Educaci\u00f3n, Juego, Arte y Cultura, un espacio de encuentro, reflexi\u00f3n y creaci\u00f3n colectiva que convoca a estudiantes, docentes, profesionales y organizaciones de toda la provincia.<\/p>\n\n\n\n<p><strong>Lugar:<\/strong> Sede 42 \u2013 ISFD N\u00ba 803<br><strong>Fechas y horarios:<\/strong><\/p>\n\n\n\n<ul>\n<li><strong>Viernes 12:<\/strong> 17:30 a 22:00<\/li>\n\n\n\n<li><strong>S\u00e1bado 13:<\/strong> 08:30 a 21:00<\/li>\n\n\n\n<li><strong>Domingo 14:<\/strong> 09:00 a 17:00<\/li>\n<\/ul>\n\n\n\n<p>Durante tres jornadas intensas, se desarrollar\u00e1n actividades l\u00fadicas, talleres simult\u00e1neos, tertulias tem\u00e1ticas, muestras art\u00edsticas y espacios de di\u00e1logo con referentes del campo de la recreaci\u00f3n. Adem\u00e1s, se podr\u00e1 recorrer la <strong>Feria de libros, juegos y juguetes<\/strong>, y participar del laberinto interactivo <strong>\u00abMaze Race\u00bb<\/strong>.<\/p>\n\n\n\n<p class=\"has-base-background-color has-background\"><strong>Este Congreso es una apuesta colectiva por revalorizar el juego como herramienta pedag\u00f3gica, cultural y transformadora. \u00a1Te esperamos para construir juntos esta experiencia \u00fanica!<\/strong><\/p>\n\n\n\n<div style=\"height:100px\" aria-hidden=\"true\" class=\"wp-block-spacer\"><\/div>\n\n\n\n<figure class=\"wp-block-image size-large\"><img decoding=\"async\" loading=\"lazy\" width=\"1344\" height=\"1900\" src=\"https:\/\/isfd803-chu.infd.edu.ar\/sitio\/wp-content\/uploads\/2025\/09\/TALLERES-DEF-1344x1900.jpg\" alt=\"\" class=\"wp-image-11055\" srcset=\"https:\/\/isfd803-chu.infd.edu.ar\/sitio\/wp-content\/uploads\/2025\/09\/TALLERES-DEF-1344x1900.jpg 1344w, https:\/\/isfd803-chu.infd.edu.ar\/sitio\/wp-content\/uploads\/2025\/09\/TALLERES-DEF-707x1000.jpg 707w, https:\/\/isfd803-chu.infd.edu.ar\/sitio\/wp-content\/uploads\/2025\/09\/TALLERES-DEF-768x1086.jpg 768w, https:\/\/isfd803-chu.infd.edu.ar\/sitio\/wp-content\/uploads\/2025\/09\/TALLERES-DEF-1086x1536.jpg 1086w, https:\/\/isfd803-chu.infd.edu.ar\/sitio\/wp-content\/uploads\/2025\/09\/TALLERES-DEF-1449x2048.jpg 1449w, https:\/\/isfd803-chu.infd.edu.ar\/sitio\/wp-content\/uploads\/2025\/09\/TALLERES-DEF-scaled.jpg 1811w\" sizes=\"(max-width: 1344px) 100vw, 1344px\" \/><\/figure>\n\n\n\n<div class=\"wp-block-file\"><object class=\"wp-block-file__embed\" data=\"https:\/\/isfd803-chu.infd.edu.ar\/sitio\/wp-content\/uploads\/2025\/09\/TALLERES-DEFINITIVO.pdf\" type=\"application\/pdf\" style=\"width:100%;height:600px\" aria-label=\"Incrustado de TALLERES-DEFINITIVO.\"><\/object><a id=\"wp-block-file--media-758a8bf2-6a0f-4205-b83d-2058523a6e3f\" href=\"https:\/\/isfd803-chu.infd.edu.ar\/sitio\/wp-content\/uploads\/2025\/09\/TALLERES-DEFINITIVO.pdf\">TALLERES-DEFINITIVO<\/a><a href=\"https:\/\/isfd803-chu.infd.edu.ar\/sitio\/wp-content\/uploads\/2025\/09\/TALLERES-DEFINITIVO.pdf\" class=\"wp-block-file__button wp-element-button\" download aria-describedby=\"wp-block-file--media-758a8bf2-6a0f-4205-b83d-2058523a6e3f\">Descarga<\/a><\/div>\n\n\n\n<h2 class=\"wp-block-heading\">Convocatoria a la Muestra de Expresiones L\u00fadicas y Art\u00edsticas<\/h2>\n\n\n\n<div class=\"wp-block-file\"><object class=\"wp-block-file__embed\" data=\"https:\/\/isfd803-chu.infd.edu.ar\/sitio\/wp-content\/uploads\/2025\/08\/convocatoria-MUESTRAS-LUDICAS-congresomadryn-2025-2.pdf\" type=\"application\/pdf\" style=\"width:100%;height:600px\" aria-label=\"Incrustado de convocatoria-MUESTRAS-LUDICAS-congresomadryn-2025-2.\"><\/object><a id=\"wp-block-file--media-1b7ee2c0-5c1e-4921-9b87-30168291d236\" href=\"https:\/\/isfd803-chu.infd.edu.ar\/sitio\/wp-content\/uploads\/2025\/08\/convocatoria-MUESTRAS-LUDICAS-congresomadryn-2025-2.pdf\">convocatoria-MUESTRAS-LUDICAS-congresomadryn-2025-2<\/a><a href=\"https:\/\/isfd803-chu.infd.edu.ar\/sitio\/wp-content\/uploads\/2025\/08\/convocatoria-MUESTRAS-LUDICAS-congresomadryn-2025-2.pdf\" class=\"wp-block-file__button wp-element-button\" download aria-describedby=\"wp-block-file--media-1b7ee2c0-5c1e-4921-9b87-30168291d236\">Descarga<\/a><\/div>\n\n\n\n<div style=\"height:100px\" aria-hidden=\"true\" class=\"wp-block-spacer\"><\/div>\n\n\n\n<h2 class=\"wp-block-heading has-text-align-center\">Cronograma<\/h2>\n\n\n\n<p><\/p>\n\n\n\n<div class=\"wp-block-file\"><object class=\"wp-block-file__embed\" data=\"https:\/\/isfd803-chu.infd.edu.ar\/sitio\/wp-content\/uploads\/2025\/08\/CRONOGRAMA.pdf\" type=\"application\/pdf\" style=\"width:100%;height:600px\" aria-label=\"Incrustado de CRONOGRAMA.\"><\/object><a id=\"wp-block-file--media-b3d8e05b-e259-4872-8e7d-db43e8b630e9\" href=\"https:\/\/isfd803-chu.infd.edu.ar\/sitio\/wp-content\/uploads\/2025\/08\/CRONOGRAMA.pdf\">CRONOGRAMA<\/a><a href=\"https:\/\/isfd803-chu.infd.edu.ar\/sitio\/wp-content\/uploads\/2025\/08\/CRONOGRAMA.pdf\" class=\"wp-block-file__button wp-element-button\" download aria-describedby=\"wp-block-file--media-b3d8e05b-e259-4872-8e7d-db43e8b630e9\">Descarga<\/a><\/div>\n\n\n<div class=\"wp-block-image\">\n<figure class=\"aligncenter size-full is-resized\"><img decoding=\"async\" loading=\"lazy\" src=\"https:\/\/isfd803-chu.infd.edu.ar\/sitio\/wp-content\/uploads\/2025\/08\/int.png\" alt=\"\" class=\"wp-image-10984\" width=\"713\" height=\"890\"\/><\/figure><\/div>\n\n\n<div class=\"wp-block-file\"><object class=\"wp-block-file__embed\" data=\"https:\/\/isfd803-chu.infd.edu.ar\/sitio\/wp-content\/uploads\/2025\/08\/Resolucion-N\u00b0-161-25.pdf\" type=\"application\/pdf\" style=\"width:100%;height:600px\" aria-label=\"Incrustado de Resolucion-N\u00b0-161-25.\"><\/object><a id=\"wp-block-file--media-01b28de0-dd24-4135-a1a1-eae813cf69f1\" href=\"https:\/\/isfd803-chu.infd.edu.ar\/sitio\/wp-content\/uploads\/2025\/08\/Resolucion-N\u00b0-161-25.pdf\">Resolucion-N\u00b0-161-25<\/a><a href=\"https:\/\/isfd803-chu.infd.edu.ar\/sitio\/wp-content\/uploads\/2025\/08\/Resolucion-N\u00b0-161-25.pdf\" class=\"wp-block-file__button wp-element-button\" download aria-describedby=\"wp-block-file--media-01b28de0-dd24-4135-a1a1-eae813cf69f1\">Descarga<\/a><\/div>\n\n\n\n<div class=\"wp-block-file\"><object class=\"wp-block-file__embed\" data=\"https:\/\/isfd803-chu.infd.edu.ar\/sitio\/wp-content\/uploads\/2025\/08\/25-7_DECLARACION-DE-INTERES_Encuentro-Recreacion.pdf\" type=\"application\/pdf\" style=\"width:100%;height:600px\" aria-label=\"Incrustado de 25-7_DECLARACION-DE-INTERES_Encuentro-Recreacion.\"><\/object><a id=\"wp-block-file--media-1bc2ad02-beb8-43ba-ac00-857ec5c6f1d3\" href=\"https:\/\/isfd803-chu.infd.edu.ar\/sitio\/wp-content\/uploads\/2025\/08\/25-7_DECLARACION-DE-INTERES_Encuentro-Recreacion.pdf\">25-7_DECLARACION-DE-INTERES_Encuentro-Recreacion<\/a><a href=\"https:\/\/isfd803-chu.infd.edu.ar\/sitio\/wp-content\/uploads\/2025\/08\/25-7_DECLARACION-DE-INTERES_Encuentro-Recreacion.pdf\" class=\"wp-block-file__button wp-element-button\" download aria-describedby=\"wp-block-file--media-1bc2ad02-beb8-43ba-ac00-857ec5c6f1d3\">Descarga<\/a><\/div>\n","protected":false},"excerpt":{"rendered":"<p>1\u00ba Congreso: Encuentro de Recreaci\u00f3n, Educaci\u00f3n, Juego, Arte y Cultura \u2013 ISFD N\u00ba 803 Del 12 al 14 de septiembre, el Instituto Superior de Formaci\u00f3n Docente N\u00ba 803 ser\u00e1 sede del 1\u00b0 Congreso: Encuentro de Recreaci\u00f3n Educaci\u00f3n, Juego, Arte y Cultura, un espacio de encuentro, reflexi\u00f3n y creaci\u00f3n colectiva que convoca a estudiantes, docentes, profesionales &#8230; <a title=\"1\u00b0 CONGRESO DE RECREACI\u00d3N EDUCATIVA, JUEGO\u00a0 ARTE Y CULTURA\" class=\"read-more\" href=\"https:\/\/isfd803-chu.infd.edu.ar\/sitio\/1o-congreso-de-recreacion-educacion-juego-arte-y-cultura\/\" aria-label=\"More on 1\u00b0 CONGRESO DE RECREACI\u00d3N EDUCATIVA, JUEGO\u00a0 ARTE Y CULTURA\">[+]<\/a><\/p>\n","protected":false},"author":14,"featured_media":0,"parent":0,"menu_order":0,"comment_status":"closed","ping_status":"closed","template":"","meta":[],"acf":[],"_links":{"self":[{"href":"https:\/\/isfd803-chu.infd.edu.ar\/sitio\/wp-json\/wp\/v2\/pages\/10958"}],"collection":[{"href":"https:\/\/isfd803-chu.infd.edu.ar\/sitio\/wp-json\/wp\/v2\/pages"}],"about":[{"href":"https:\/\/isfd803-chu.infd.edu.ar\/sitio\/wp-json\/wp\/v2\/types\/page"}],"author":[{"embeddable":true,"href":"https:\/\/isfd803-chu.infd.edu.ar\/sitio\/wp-json\/wp\/v2\/users\/14"}],"replies":[{"embeddable":true,"href":"https:\/\/isfd803-chu.infd.edu.ar\/sitio\/wp-json\/wp\/v2\/comments?post=10958"}],"version-history":[{"count":12,"href":"https:\/\/isfd803-chu.infd.edu.ar\/sitio\/wp-json\/wp\/v2\/pages\/10958\/revisions"}],"predecessor-version":[{"id":11058,"href":"https:\/\/isfd803-chu.infd.edu.ar\/sitio\/wp-json\/wp\/v2\/pages\/10958\/revisions\/11058"}],"wp:attachment":[{"href":"https:\/\/isfd803-chu.infd.edu.ar\/sitio\/wp-json\/wp\/v2\/media?parent=10958"}],"curies":[{"name":"wp","href":"https:\/\/api.w.org\/{rel}","templated":true}]}}