{"id":10657,"date":"2025-04-23T19:50:52","date_gmt":"2025-04-23T22:50:52","guid":{"rendered":"https:\/\/isfd803-chu.infd.edu.ar\/sitio\/?page_id=10657"},"modified":"2025-10-06T20:20:51","modified_gmt":"2025-10-06T23:20:51","slug":"actualizacion-academica-en-estrategias-de-ensenanza-de-las-matematicas-en-2do-ciclo-de-la-educacion-primaria","status":"publish","type":"page","link":"https:\/\/isfd803-chu.infd.edu.ar\/sitio\/actualizacion-academica-en-estrategias-de-ensenanza-de-las-matematicas-en-2do-ciclo-de-la-educacion-primaria\/","title":{"rendered":"Actualizaci\u00f3n Acad\u00e9mica en Estrategias de Ense\u00f1anza de las Matem\u00e1ticas en 2do ciclo de la Educaci\u00f3n Primaria"},"content":{"rendered":"\n<h1 class=\"wp-block-heading\"><\/h1>\n\n\n\n<h2 class=\"wp-block-heading has-text-align-center\" id=\"block-19d0bc9d-dbef-42f3-befe-d100428f9529\">INSCRIPCIONES CERRADAS<\/h2>\n\n\n\n<p class=\"has-text-align-center\">ENTREGA DE DOCUMENTACI\u00d3N: HASTA EL LUNES 26\/05\/25<\/p>\n\n\n\n<p><a href=\"https:\/\/docs.google.com\/forms\/d\/e\/1FAIpQLSfwrnDNRnUOOBWWELBZGz_NJsFRipSvJTjqi-tBCTYTzysmTw\/viewform?usp=sharing\">https:\/\/docs.google.com\/forms\/d\/e\/1FAIpQLSfwrnDNRnUOOBWWELBZGz_NJsFRipSvJTjqi-tBCTYTzysmTw\/viewform?usp=sharing<\/a><\/p>\n\n\n\n<hr class=\"wp-block-separator has-alpha-channel-opacity\" id=\"block-cbfa1690-f3ba-4bcc-88d8-5586dfec2d9b\"\/>\n\n\n\n<h2 class=\"wp-block-heading has-text-align-center\" id=\"block-128bb115-dfde-422b-8b4c-dc584dcb4087\">Plan de Estudios<\/h2>\n\n\n<div class=\"wp-block-image\">\n<figure class=\"aligncenter size-full\" id=\"block-ce1cbee0-79b5-415f-b032-4049d9463c8b\"><img decoding=\"async\" loading=\"lazy\" width=\"731\" height=\"360\" src=\"https:\/\/isfd803-chu.infd.edu.ar\/sitio\/wp-content\/uploads\/2025\/04\/AA-MAT.jpg\" alt=\"\" class=\"wp-image-10658\"\/><\/figure><\/div>\n\n\n<h2 class=\"wp-block-heading has-text-align-center\" id=\"block-a48e63aa-327a-4183-9345-5601e6be5ba4\">DOCUMENTACI\u00d3N<\/h2>\n\n\n\n<div class=\"wp-block-buttons is-content-justification-center is-layout-flex wp-container-1\">\n<div class=\"wp-block-button is-style-fill\"><a class=\"wp-block-button__link wp-element-button\" href=\"https:\/\/isfd803-chu.infd.edu.ar\/sitio\/wp-content\/uploads\/2025\/04\/ACTUALIZACION-ACADEMICA-EN-MATEMATICA.pdf\">DISE\u00d1O CURRICULAR<\/a><\/div>\n\n\n\n<div class=\"wp-block-button is-style-fill\"><a class=\"wp-block-button__link has-text-align-center wp-element-button\" href=\"https:\/\/isfd803-chu.infd.edu.ar\/sitio\/wp-content\/uploads\/2025\/10\/RES-ME-1380-25.pdf\">RESOLUCI\u00d3N MINISTERIAL PROVINCIAL<\/a><\/div>\n<\/div>\n\n\n\n<p><\/p>\n\n\n\n<hr class=\"wp-block-separator has-alpha-channel-opacity\" id=\"block-77f8f839-c972-4643-af84-0253c94d0e21\"\/>\n\n\n\n<h2 class=\"wp-block-heading\" id=\"block-508ee922-813b-4c13-bcf9-0fb3e1b7f870\">DESCRIPCI\u00d3N DE LA PROPUESTA FORMATIVA<\/h2>\n\n\n\n<p id=\"block-e5ce5d25-66fb-4df8-a295-f07fe4f0e184\"><strong>. Denominaci\u00f3n:<\/strong>&nbsp;Actualizaci\u00f3n Acad\u00e9mica en Estrategias de Ense\u00f1anza de las Matem\u00e1ticas en 2do ciclo de la Educaci\u00f3n Primaria<br><strong>. Certificado a otorgar:<\/strong>&nbsp;Actualizaci\u00f3n Acad\u00e9mica en Estrategias de Ense\u00f1anza de las Matem\u00e1ticas en 2do ciclo de la Educaci\u00f3n Primaria<br><strong>. Car\u00e1cter de la oferta:<\/strong>&nbsp;Post\u00edtulo Jurisdiccional aprobado por el Ministerio de Educaci\u00f3n de la provincia de Chubut<br><strong>. Duraci\u00f3n:<\/strong>&nbsp;2 cuatrimestres<br><strong>. Carga horaria total:<\/strong>&nbsp;200 hs. reloj<\/p>\n\n\n\n<h2 class=\"wp-block-heading\" id=\"block-cb6becc4-cc36-4714-8696-d6fac9d5b817\">DESTINATARIOS<\/h2>\n\n\n\n<p id=\"block-6bad7775-8591-4b0c-8a99-4d50ee512bc6\">Docentes de Educaci\u00f3n Primaria en ejercicio en el 2do ciclo del nivel, que se encuentren desempe\u00f1\u00e1ndose en el \u00e1rea de matem\u00e1tica.<\/p>\n\n\n\n<p id=\"block-666694f2-5c98-4d7b-a417-c66e69eb4d08\">\ufeff<\/p>\n\n\n\n<h2 class=\"wp-block-heading\" id=\"block-a7bf34b5-0e9e-4b54-861c-21e9bfea9240\">REQUISITOS DE ADMISI\u00d3N<\/h2>\n\n\n\n<p id=\"block-97e9ffab-1a90-400a-a1a2-86fdf4da5726\"><strong>\u2212 Pre-inscripci\u00f3n jurisdiccional:<\/strong>&nbsp;Completar un formulario en el siguiente link (<strong><a href=\"https:\/\/script.google.com\/a\/~\/macros\/s\/AKfycbygYYqpK5UaKoqeO0Z7MKLgyY8PFnO_dO04pJ9CZ6wckFFu2xtaxhDbqNC4aCXX9TDB_A\/exec\">CLICK AQU\u00cd<\/a><\/strong>)<\/p>\n\n\n\n<p id=\"block-a39abcbc-349d-418a-b791-709489488333\">\u2212 Inscripci\u00f3n en el ISFD:&nbsp;Los\/as interesados deben presentar la siguiente documentaci\u00f3n DE MANERA VIRTUAL (<a href=\"https:\/\/forms.gle\/6sUAufdMaPsYGazd8\"><strong>CLICK AQU\u00cd<\/strong><\/a>)<\/p>\n\n\n\n<p id=\"block-82ded79f-ed21-4f7b-9479-7053c8e47013\">. Fotocopia de DNI<br>. Fotocopia autenticada del t\u00edtulo de Profesor\/a de Educaci\u00f3n Primaria o constancia de t\u00edtulo en tr\u00e1mite.<br>. Constancia laboral expedida por la autoridad respectiva se desempe\u00f1a como docente en el \u00e1rea de Matem\u00e1tica, el 2do ciclo de Nivel Primario.<\/p>\n\n\n\n<p id=\"block-e5233972-b323-40a0-b01e-d7393ce1fd4b\">\ufeff<\/p>\n\n\n\n<h2 class=\"wp-block-heading\" id=\"block-e3f9a8f9-1a64-419e-8e4d-8f7678ecd530\">+ INFO<\/h2>\n\n\n\n<p id=\"block-b84100f1-9b65-4862-9981-8b98494e0a59\">Inicio: 02 de junio de 2025<\/p>\n\n\n\n<p id=\"block-8d108851-6af7-40d2-8480-6395b2853e55\">Modalidad: Semipresencial<\/p>\n\n\n\n<p id=\"block-ab172ba1-4df9-44ab-82ca-96169cff233f\">Duraci\u00f3n: 2 cuatrimestres<\/p>\n\n\n\n<h2 class=\"wp-block-heading\" id=\"block-8e5f889b-c798-4ff7-a684-439a3f397b52\"><\/h2>\n\n\n\n<h2 class=\"wp-block-heading\" id=\"block-0415efd8-1beb-4454-82c3-da5895a15720\">Contacto<\/h2>\n\n\n\n<h5 class=\"wp-block-heading\" id=\"block-a6804e4a-244a-449f-b3a1-5796425369a3\"><mark>postitulos803@gmail.com<\/mark><\/h5>\n\n\n\n<p id=\"block-61a76fbe-4dc2-479d-a176-bf3b4dfad6c4\">\ufeff<\/p>\n\n\n\n<figure class=\"wp-block-image size-large\" id=\"block-22875a5b-3759-4265-a046-b2e61f5ccab4\"><img decoding=\"async\" loading=\"lazy\" width=\"1356\" height=\"1900\" src=\"https:\/\/isfd803-chu.infd.edu.ar\/sitio\/wp-content\/uploads\/2025\/05\/aamat-1356x1900.jpg\" alt=\"\" class=\"wp-image-10704\" srcset=\"https:\/\/isfd803-chu.infd.edu.ar\/sitio\/wp-content\/uploads\/2025\/05\/aamat-1356x1900.jpg 1356w, https:\/\/isfd803-chu.infd.edu.ar\/sitio\/wp-content\/uploads\/2025\/05\/aamat-714x1000.jpg 714w, https:\/\/isfd803-chu.infd.edu.ar\/sitio\/wp-content\/uploads\/2025\/05\/aamat-768x1076.jpg 768w, https:\/\/isfd803-chu.infd.edu.ar\/sitio\/wp-content\/uploads\/2025\/05\/aamat-1096x1536.jpg 1096w, https:\/\/isfd803-chu.infd.edu.ar\/sitio\/wp-content\/uploads\/2025\/05\/aamat-1462x2048.jpg 1462w, https:\/\/isfd803-chu.infd.edu.ar\/sitio\/wp-content\/uploads\/2025\/05\/aamat-scaled.jpg 1827w\" sizes=\"(max-width: 1356px) 100vw, 1356px\" \/><\/figure>\n","protected":false},"excerpt":{"rendered":"<p>INSCRIPCIONES CERRADAS ENTREGA DE DOCUMENTACI\u00d3N: HASTA EL LUNES 26\/05\/25 https:\/\/docs.google.com\/forms\/d\/e\/1FAIpQLSfwrnDNRnUOOBWWELBZGz_NJsFRipSvJTjqi-tBCTYTzysmTw\/viewform?usp=sharing Plan de Estudios DOCUMENTACI\u00d3N DESCRIPCI\u00d3N DE LA PROPUESTA FORMATIVA . Denominaci\u00f3n:&nbsp;Actualizaci\u00f3n Acad\u00e9mica en Estrategias de Ense\u00f1anza de las Matem\u00e1ticas en 2do ciclo de la Educaci\u00f3n Primaria. Certificado a otorgar:&nbsp;Actualizaci\u00f3n Acad\u00e9mica en Estrategias de Ense\u00f1anza de las Matem\u00e1ticas en 2do ciclo de la Educaci\u00f3n Primaria. Car\u00e1cter &#8230; <a title=\"Actualizaci\u00f3n Acad\u00e9mica en Estrategias de Ense\u00f1anza de las Matem\u00e1ticas en 2do ciclo de la Educaci\u00f3n Primaria\" class=\"read-more\" href=\"https:\/\/isfd803-chu.infd.edu.ar\/sitio\/actualizacion-academica-en-estrategias-de-ensenanza-de-las-matematicas-en-2do-ciclo-de-la-educacion-primaria\/\" aria-label=\"More on Actualizaci\u00f3n Acad\u00e9mica en Estrategias de Ense\u00f1anza de las Matem\u00e1ticas en 2do ciclo de la Educaci\u00f3n Primaria\">[+]<\/a><\/p>\n","protected":false},"author":14,"featured_media":0,"parent":0,"menu_order":0,"comment_status":"closed","ping_status":"closed","template":"","meta":[],"acf":[],"_links":{"self":[{"href":"https:\/\/isfd803-chu.infd.edu.ar\/sitio\/wp-json\/wp\/v2\/pages\/10657"}],"collection":[{"href":"https:\/\/isfd803-chu.infd.edu.ar\/sitio\/wp-json\/wp\/v2\/pages"}],"about":[{"href":"https:\/\/isfd803-chu.infd.edu.ar\/sitio\/wp-json\/wp\/v2\/types\/page"}],"author":[{"embeddable":true,"href":"https:\/\/isfd803-chu.infd.edu.ar\/sitio\/wp-json\/wp\/v2\/users\/14"}],"replies":[{"embeddable":true,"href":"https:\/\/isfd803-chu.infd.edu.ar\/sitio\/wp-json\/wp\/v2\/comments?post=10657"}],"version-history":[{"count":10,"href":"https:\/\/isfd803-chu.infd.edu.ar\/sitio\/wp-json\/wp\/v2\/pages\/10657\/revisions"}],"predecessor-version":[{"id":11084,"href":"https:\/\/isfd803-chu.infd.edu.ar\/sitio\/wp-json\/wp\/v2\/pages\/10657\/revisions\/11084"}],"wp:attachment":[{"href":"https:\/\/isfd803-chu.infd.edu.ar\/sitio\/wp-json\/wp\/v2\/media?parent=10657"}],"curies":[{"name":"wp","href":"https:\/\/api.w.org\/{rel}","templated":true}]}}