{"id":10608,"date":"2025-04-15T18:16:47","date_gmt":"2025-04-15T21:16:47","guid":{"rendered":"https:\/\/isfd803-chu.infd.edu.ar\/sitio\/?page_id=10608"},"modified":"2025-05-13T18:44:57","modified_gmt":"2025-05-13T21:44:57","slug":"actualizacion-academica-en-recreacion-educativa-juego-y-creatividad","status":"publish","type":"page","link":"https:\/\/isfd803-chu.infd.edu.ar\/sitio\/actualizacion-academica-en-recreacion-educativa-juego-y-creatividad\/","title":{"rendered":"Actualizaci\u00f3n Acad\u00e9mica en Recreaci\u00f3n Educativa, Juego y Creatividad"},"content":{"rendered":"\n<h2 class=\"wp-block-heading has-text-align-center has-accent-color has-text-color\"><mark style=\"background-color:rgba(0, 0, 0, 0);color:#ff0000\" class=\"has-inline-color\">INSCRIPCIONES CERRADAS<\/mark><\/h2>\n\n\n\n<hr class=\"wp-block-separator has-alpha-channel-opacity\"\/>\n\n\n\n<h2 class=\"wp-block-heading has-text-align-center\">Plan de estudios<\/h2>\n\n\n\n<figure class=\"wp-block-table\"><table><tbody><tr><td><strong>M\u00d3DULO<\/strong><\/td><td><strong>HS. RELOJ<\/strong><\/td><\/tr><tr><td>M\u00d3DULO 1: \u201cINTRODUCCI\u00d3N AL TIEMPO LIBRE, JUEGO, L\u00daDICA Y RECREACI\u00d3N EDUCATIVA\u201d<\/td><td>12<\/td><\/tr><tr><td>M\u00d3DULO 2: \u201cRECRE<em>AC<\/em>I\u00d3N<em> Y<\/em> POL\u00cdTICAS P\u00daBLICAS<\/td><td>12<\/td><\/tr><tr><td>M\u00d3DULO 3: \u201cJUEGO, DEPORTE, DISCAPACIDAD E INCLUSI\u00d3N\u201d<\/td><td>12<\/td><\/tr><tr><td>M\u00d3DULO 4: \u201cLOS JUEGOS Y DEPORTES ALTERNATIVOS EN LOS ESPACIOS EDUCATIVOS<\/td><td>12<\/td><\/tr><tr><td>M\u00d3DULO 5: DISPOSITIVOS Y ESPACIOS L\u00daDICOS EN CONTEXTOS.<\/td><td>12<\/td><\/tr><tr><td>M\u00d3DULO 6: \u201cRECREACI\u00d3N, JUEGO, CUERPO Y G\u00c9NERO\u201d<\/td><td>12<\/td><\/tr><tr><td>M\u00d3DULO 7: \u201cJUEGO, RECREACI\u00d3N Y DERECHOS\u201d<\/td><td>12<\/td><\/tr><tr><td>M\u00d3DULO 8: \u201cJUEGO Y EDUCACI\u00d3N AMBIENTAL\u201d<\/td><td>12<\/td><\/tr><tr><td>M\u00d3DULO 9: \u201cRECREACI\u00d3N, JUEGO, E INTERCULTURALIDAD\u00bb<\/td><td>12<\/td><\/tr><tr><td>M\u00d3DULO 10: \u201cCOORDINACI\u00d3N Y ANIMACI\u00d3N L\u00daDICA DE GRUPOS\u201d<\/td><td>12<\/td><\/tr><tr><td>M\u00d3DULO 11: \u201cJUEGO, CREATIVIDAD Y EXPRESI\u00d3N LITERARIA\u201d<\/td><td>12<\/td><\/tr><tr><td>M\u00d3DULO 12: \u201cJUEGO Y RECREACI\u00d3N EN ADULTOS Y ADULTOS MAYORES<strong><em>\u201d<\/em><\/strong><\/td><td>12<\/td><\/tr><tr><td>M\u00d3DULO 13: \u201cJUEGO, CREATIVIDAD Y EXPRESI\u00d3N CORPORAL\u201d<\/td><td>12<\/td><\/tr><tr><td>M\u00d3DULO 14: \u201cRECREACI\u00d3N, CREATIVIDAD Y JUEGOS TEATRALES\u201d<\/td><td>12<\/td><\/tr><tr><td>M\u00d3DULO 15: \u201cJUEGO, CREATIVIDAD Y EXPRESI\u00d3N MUSICAL\u201d<\/td><td>12<\/td><\/tr><tr><td>M\u00d3DULO 16: \u201cTRABAJO FINAL \u201cPR\u00c1CTICAS Y CONOCIMIENTOS INTEGRADOS\u00bb<\/td><td>12<\/td><\/tr><\/tbody><\/table><\/figure>\n\n\n\n<h2 class=\"wp-block-heading\">DESCRIPCI\u00d3N DE LA PROPUESTA FORMATIVA<\/h2>\n\n\n\n<p><strong>. Denominaci\u00f3n:<\/strong>&nbsp;Actualizaci\u00f3n Recreaci\u00f3n Educativa, Juego y Creatividad<br><strong>. Certificado a otorgar:<\/strong>&nbsp;Actualizaci\u00f3n Acad\u00e9mica en Recreaci\u00f3n Educativa, Juego y Creatividad<br><strong>. Car\u00e1cter de la oferta:<\/strong>&nbsp;Post\u00edtulo Jurisdiccional aprobado por el Ministerio de Educaci\u00f3n de la provincia de Chubut<br><strong>. Duraci\u00f3n:<\/strong>&nbsp;Mayo 2025 &#8211; Diciembre 2026<br><strong>. Carga horaria total:<\/strong>&nbsp;330 hs. reloj<\/p>\n\n\n\n<p>.<strong> Costo:<\/strong><\/p>\n\n\n\n<ul>\n<li>Matr\u00edcula: $20.000<\/li>\n\n\n\n<li>M\u00f3dulos 1 al 8: $20.000<\/li>\n\n\n\n<li>M\u00f3dulos 9 al 16: $23.000 con cl\u00e1usula de ajuste seg\u00fan INDEC<\/li>\n<\/ul>\n\n\n\n<h2 class=\"wp-block-heading\">DESTINATARIOS<\/h2>\n\n\n\n<ul>\n<li>Docentes y Profesionales con formaci\u00f3n de Educaci\u00f3n Superior de todo nivel y especialidad (Universitario o no Universitario).<\/li>\n\n\n\n<li>T\u00e9cnicos\/as Superiores en Recreaci\u00f3n.<\/li>\n\n\n\n<li>Docentes (de todos los niveles y modalidades educativas).<\/li>\n<\/ul>\n\n\n\n<h2 class=\"wp-block-heading\">REQUISITOS DE ADMISI\u00d3N<\/h2>\n\n\n\n<ul>\n<li>Pre-inscripci\u00f3n jurisdiccional:&nbsp;Completar un formulario en el siguiente link (<a href=\"https:\/\/docs.google.com\/forms\/d\/e\/1FAIpQLSfIDfj64seXqCMx8qogXNx1sPCI0-TSeReM4lqwKGqTNVSnIA\/viewform\">click aqu\u00ed<\/a>).<\/li>\n\n\n\n<li>Inscripci\u00f3n en el ISFD:&nbsp;Los\/as interesados deben presentar la siguiente documentaci\u00f3n de manera digital al correo electr\u00f3nico <strong>803desarrolloprofesional@gmail.com<\/strong><\/li>\n<\/ul>\n\n\n\n<ol>\n<li>Fotocopia de DNI <\/li>\n\n\n\n<li>Fotocopia autenticada del t\u00edtulo o constancia de t\u00edtulo en tr\u00e1mite.<\/li>\n<\/ol>\n\n\n\n<pre class=\"wp-block-preformatted\">La presentaci\u00f3n de documentaci\u00f3n ser\u00e1 requisito excluyente para inscribirse en la Actualizaci\u00f3n Acad\u00e9mica<\/pre>\n\n\n\n<h2 class=\"wp-block-heading\">CRONOGRAMA<\/h2>\n\n\n<div class=\"wp-block-image\">\n<figure class=\"aligncenter size-full\"><img decoding=\"async\" loading=\"lazy\" width=\"532\" height=\"778\" src=\"https:\/\/isfd803-chu.infd.edu.ar\/sitio\/wp-content\/uploads\/2025\/04\/HORARIOS-AA-RECREO.jpg\" alt=\"\" class=\"wp-image-10683\"\/><\/figure><\/div>\n\n\n<h2 class=\"wp-block-heading\">+ INFO<\/h2>\n\n\n\n<p>803desarrolloprofesional@gmail.com<\/p>\n\n\n<div class=\"wp-block-image\">\n<figure class=\"aligncenter size-large\"><img decoding=\"async\" loading=\"lazy\" width=\"1357\" height=\"1900\" src=\"https:\/\/isfd803-chu.infd.edu.ar\/sitio\/wp-content\/uploads\/2025\/04\/AA-REJC-1357x1900.jpg\" alt=\"\" class=\"wp-image-10619\" srcset=\"https:\/\/isfd803-chu.infd.edu.ar\/sitio\/wp-content\/uploads\/2025\/04\/AA-REJC-1357x1900.jpg 1357w, https:\/\/isfd803-chu.infd.edu.ar\/sitio\/wp-content\/uploads\/2025\/04\/AA-REJC-714x1000.jpg 714w, https:\/\/isfd803-chu.infd.edu.ar\/sitio\/wp-content\/uploads\/2025\/04\/AA-REJC-768x1076.jpg 768w, https:\/\/isfd803-chu.infd.edu.ar\/sitio\/wp-content\/uploads\/2025\/04\/AA-REJC-1097x1536.jpg 1097w, https:\/\/isfd803-chu.infd.edu.ar\/sitio\/wp-content\/uploads\/2025\/04\/AA-REJC-1462x2048.jpg 1462w, https:\/\/isfd803-chu.infd.edu.ar\/sitio\/wp-content\/uploads\/2025\/04\/AA-REJC-scaled.jpg 1828w\" sizes=\"(max-width: 1357px) 100vw, 1357px\" \/><\/figure><\/div>","protected":false},"excerpt":{"rendered":"<p>INSCRIPCIONES CERRADAS Plan de estudios M\u00d3DULO HS. RELOJ M\u00d3DULO 1: \u201cINTRODUCCI\u00d3N AL TIEMPO LIBRE, JUEGO, L\u00daDICA Y RECREACI\u00d3N EDUCATIVA\u201d 12 M\u00d3DULO 2: \u201cRECREACI\u00d3N Y POL\u00cdTICAS P\u00daBLICAS 12 M\u00d3DULO 3: \u201cJUEGO, DEPORTE, DISCAPACIDAD E INCLUSI\u00d3N\u201d 12 M\u00d3DULO 4: \u201cLOS JUEGOS Y DEPORTES ALTERNATIVOS EN LOS ESPACIOS EDUCATIVOS 12 M\u00d3DULO 5: DISPOSITIVOS Y ESPACIOS L\u00daDICOS EN CONTEXTOS. &#8230; <a title=\"Actualizaci\u00f3n Acad\u00e9mica en Recreaci\u00f3n Educativa, Juego y Creatividad\" class=\"read-more\" href=\"https:\/\/isfd803-chu.infd.edu.ar\/sitio\/actualizacion-academica-en-recreacion-educativa-juego-y-creatividad\/\" aria-label=\"More on Actualizaci\u00f3n Acad\u00e9mica en Recreaci\u00f3n Educativa, Juego y Creatividad\">[+]<\/a><\/p>\n","protected":false},"author":14,"featured_media":0,"parent":0,"menu_order":0,"comment_status":"closed","ping_status":"closed","template":"","meta":[],"acf":[],"_links":{"self":[{"href":"https:\/\/isfd803-chu.infd.edu.ar\/sitio\/wp-json\/wp\/v2\/pages\/10608"}],"collection":[{"href":"https:\/\/isfd803-chu.infd.edu.ar\/sitio\/wp-json\/wp\/v2\/pages"}],"about":[{"href":"https:\/\/isfd803-chu.infd.edu.ar\/sitio\/wp-json\/wp\/v2\/types\/page"}],"author":[{"embeddable":true,"href":"https:\/\/isfd803-chu.infd.edu.ar\/sitio\/wp-json\/wp\/v2\/users\/14"}],"replies":[{"embeddable":true,"href":"https:\/\/isfd803-chu.infd.edu.ar\/sitio\/wp-json\/wp\/v2\/comments?post=10608"}],"version-history":[{"count":13,"href":"https:\/\/isfd803-chu.infd.edu.ar\/sitio\/wp-json\/wp\/v2\/pages\/10608\/revisions"}],"predecessor-version":[{"id":10707,"href":"https:\/\/isfd803-chu.infd.edu.ar\/sitio\/wp-json\/wp\/v2\/pages\/10608\/revisions\/10707"}],"wp:attachment":[{"href":"https:\/\/isfd803-chu.infd.edu.ar\/sitio\/wp-json\/wp\/v2\/media?parent=10608"}],"curies":[{"name":"wp","href":"https:\/\/api.w.org\/{rel}","templated":true}]}}